{"id":939,"date":"2022-03-11T12:23:16","date_gmt":"2022-03-11T11:23:16","guid":{"rendered":"http:\/\/www.sylvie-beaufils.fr\/?page_id=939"},"modified":"2022-03-12T21:42:08","modified_gmt":"2022-03-12T20:42:08","slug":"contact","status":"publish","type":"page","link":"http:\/\/www.sylvie-beaufils.fr\/?page_id=939","title":{"rendered":"Contact"},"content":{"rendered":"\n<div class=\"wp-block-image\"><figure class=\"aligncenter size-full\"><a href=\"http:\/\/www.sylvie-beaufils.fr\/wp-content\/uploads\/2022\/03\/Capture-de\u0301cran-2022-03-11-a\u0300-19.53.16-1.png\"><img loading=\"lazy\" decoding=\"async\" width=\"714\" height=\"225\" src=\"http:\/\/www.sylvie-beaufils.fr\/wp-content\/uploads\/2022\/03\/Capture-de\u0301cran-2022-03-11-a\u0300-19.53.16-1.png\" alt=\"\" class=\"wp-image-950\" srcset=\"http:\/\/www.sylvie-beaufils.fr\/wp-content\/uploads\/2022\/03\/Capture-de\u0301cran-2022-03-11-a\u0300-19.53.16-1.png 714w, http:\/\/www.sylvie-beaufils.fr\/wp-content\/uploads\/2022\/03\/Capture-de\u0301cran-2022-03-11-a\u0300-19.53.16-1-300x95.png 300w\" sizes=\"auto, (max-width: 714px) 100vw, 714px\" \/><\/a><\/figure><\/div>\n\n\n\n<p class=\"has-text-align-center\">Vous pouvez me contacter \u00e0 cette adresse : <\/p>\n\n\n\n<p class=\"has-text-align-center\">sbeaufils0@gmail.com <\/p>\n\n\n\n<p class=\"has-text-align-center\">pour me faire conna\u00eetre vos propres travaux, ou simplement \u00e9changer.<\/p>\n","protected":false},"excerpt":{"rendered":"<p>Vous pouvez me contacter \u00e0 cette adresse : sbeaufils0@gmail.com pour me faire conna\u00eetre vos propres travaux, ou simplement \u00e9changer.<\/p>\n","protected":false},"author":1,"featured_media":0,"parent":0,"menu_order":0,"comment_status":"closed","ping_status":"closed","template":"templates\/page-full-width.php","meta":{"ngg_post_thumbnail":0,"footnotes":""},"class_list":["post-939","page","type-page","status-publish","hentry"],"_links":{"self":[{"href":"http:\/\/www.sylvie-beaufils.fr\/index.php?rest_route=\/wp\/v2\/pages\/939","targetHints":{"allow":["GET"]}}],"collection":[{"href":"http:\/\/www.sylvie-beaufils.fr\/index.php?rest_route=\/wp\/v2\/pages"}],"about":[{"href":"http:\/\/www.sylvie-beaufils.fr\/index.php?rest_route=\/wp\/v2\/types\/page"}],"author":[{"embeddable":true,"href":"http:\/\/www.sylvie-beaufils.fr\/index.php?rest_route=\/wp\/v2\/users\/1"}],"replies":[{"embeddable":true,"href":"http:\/\/www.sylvie-beaufils.fr\/index.php?rest_route=%2Fwp%2Fv2%2Fcomments&post=939"}],"version-history":[{"count":7,"href":"http:\/\/www.sylvie-beaufils.fr\/index.php?rest_route=\/wp\/v2\/pages\/939\/revisions"}],"predecessor-version":[{"id":1050,"href":"http:\/\/www.sylvie-beaufils.fr\/index.php?rest_route=\/wp\/v2\/pages\/939\/revisions\/1050"}],"wp:attachment":[{"href":"http:\/\/www.sylvie-beaufils.fr\/index.php?rest_route=%2Fwp%2Fv2%2Fmedia&parent=939"}],"curies":[{"name":"wp","href":"https:\/\/api.w.org\/{rel}","templated":true}]}}