{"id":687,"date":"2018-02-11T20:26:15","date_gmt":"2018-02-11T19:26:15","guid":{"rendered":"http:\/\/www.sylvie-beaufils.fr\/?page_id=687"},"modified":"2023-07-04T12:50:27","modified_gmt":"2023-07-04T11:50:27","slug":"paysages","status":"publish","type":"page","link":"http:\/\/www.sylvie-beaufils.fr\/?page_id=687","title":{"rendered":"Aux abords de la ville"},"content":{"rendered":"<p>On s\u2019\u00e9loigne des faubourgs, l\u2019emprise humaine est partout, ces paysages sont fa\u00e7onn\u00e9s. On y trouve des arbres en ligne, des champs ray\u00e9s, des haies, un chemin, un ch\u00e2teau d\u2019eau. Ce sont des paysages humains, jamais bien loin des villes. <br>La beaut\u00e9 de ces paysages p\u00e9riurbains est frappante. Cette beaut\u00e9 n&rsquo;est perceptible qu&rsquo;\u00e0 certaines heures, sous certains cadrages : un pyl\u00f4ne en plein champ est beau quand sa forme plastique est r\u00e9v\u00e9l\u00e9e par les arbres environnants. Glissement du pyl\u00f4ne aux arbres, sentinelles en plein champ, personnages silencieux en attente.<\/p>\n<table style=\"height: 302px;\" width=\"900\">\n<tbody>\n<tr>\n<td width=\"33%\"><a href=\"http:\/\/www.sylvie-beaufils.fr\/?page_id=1162\"><img loading=\"lazy\" decoding=\"async\" class=\"aligncenter wp-image-1152 size-medium\" src=\"http:\/\/www.sylvie-beaufils.fr\/wp-content\/uploads\/2023\/07\/vignette-neige-300x300.jpg\" alt=\"\" width=\"300\" height=\"300\" srcset=\"http:\/\/www.sylvie-beaufils.fr\/wp-content\/uploads\/2023\/07\/vignette-neige-300x300.jpg 300w, http:\/\/www.sylvie-beaufils.fr\/wp-content\/uploads\/2023\/07\/vignette-neige-150x150.jpg 150w, http:\/\/www.sylvie-beaufils.fr\/wp-content\/uploads\/2023\/07\/vignette-neige.jpg 670w\" sizes=\"auto, (max-width: 300px) 100vw, 300px\" \/><\/a><\/td>\n<td style=\"text-align: center;\" width=\"33%\"><a href=\"http:\/\/www.sylvie-beaufils.fr\/?page_id=997\"><img loading=\"lazy\" decoding=\"async\" class=\"aligncenter size-medium wp-image-1010\" src=\"http:\/\/www.sylvie-beaufils.fr\/wp-content\/uploads\/2022\/03\/vignette-ville-de-loin-300x300.jpg\" alt=\"\" width=\"300\" height=\"300\" srcset=\"http:\/\/www.sylvie-beaufils.fr\/wp-content\/uploads\/2022\/03\/vignette-ville-de-loin-300x300.jpg 300w, http:\/\/www.sylvie-beaufils.fr\/wp-content\/uploads\/2022\/03\/vignette-ville-de-loin-150x150.jpg 150w, http:\/\/www.sylvie-beaufils.fr\/wp-content\/uploads\/2022\/03\/vignette-ville-de-loin.jpg 600w\" sizes=\"auto, (max-width: 300px) 100vw, 300px\" \/><\/a><\/td>\n<td width=\"33%\"><a href=\"http:\/\/www.sylvie-beaufils.fr\/?page_id=1027\"><img loading=\"lazy\" decoding=\"async\" class=\"size-medium wp-image-1024 aligncenter\" src=\"http:\/\/www.sylvie-beaufils.fr\/wp-content\/uploads\/2022\/03\/vignette-monde-miroir-300x300.jpg\" alt=\"\" width=\"300\" height=\"300\" srcset=\"http:\/\/www.sylvie-beaufils.fr\/wp-content\/uploads\/2022\/03\/vignette-monde-miroir-300x300.jpg 300w, http:\/\/www.sylvie-beaufils.fr\/wp-content\/uploads\/2022\/03\/vignette-monde-miroir-150x150.jpg 150w, http:\/\/www.sylvie-beaufils.fr\/wp-content\/uploads\/2022\/03\/vignette-monde-miroir.jpg 405w\" sizes=\"auto, (max-width: 300px) 100vw, 300px\" \/><\/a><\/td>\n<\/tr>\n<tr>\n<td style=\"text-align: center;\" width=\"33%\">Neige<\/td>\n<td style=\"text-align: center;\" width=\"33%\">La ville, au loin<\/td>\n<td style=\"text-align: center;\" width=\"33%\">Le monde dans un miroir<\/td>\n<\/tr>\n<\/tbody>\n<\/table>\n\n\n<p><\/p>\n","protected":false},"excerpt":{"rendered":"<p>On s\u2019\u00e9loigne des faubourgs, l\u2019emprise humaine est partout, ces paysages sont fa\u00e7onn\u00e9s. On y trouve des arbres en ligne, des champs ray\u00e9s, des haies, un chemin, un ch\u00e2teau d\u2019eau. Ce sont des paysages humains, jamais bien loin des villes. La beaut\u00e9 de ces paysages p\u00e9riurbains est frappante. Cette beaut\u00e9 n&rsquo;est perceptible qu&rsquo;\u00e0 certaines heures, sous [&hellip;]<\/p>\n","protected":false},"author":1,"featured_media":0,"parent":0,"menu_order":0,"comment_status":"closed","ping_status":"closed","template":"templates\/page-full-width.php","meta":{"ngg_post_thumbnail":0,"footnotes":""},"class_list":["post-687","page","type-page","status-publish","hentry"],"_links":{"self":[{"href":"http:\/\/www.sylvie-beaufils.fr\/index.php?rest_route=\/wp\/v2\/pages\/687","targetHints":{"allow":["GET"]}}],"collection":[{"href":"http:\/\/www.sylvie-beaufils.fr\/index.php?rest_route=\/wp\/v2\/pages"}],"about":[{"href":"http:\/\/www.sylvie-beaufils.fr\/index.php?rest_route=\/wp\/v2\/types\/page"}],"author":[{"embeddable":true,"href":"http:\/\/www.sylvie-beaufils.fr\/index.php?rest_route=\/wp\/v2\/users\/1"}],"replies":[{"embeddable":true,"href":"http:\/\/www.sylvie-beaufils.fr\/index.php?rest_route=%2Fwp%2Fv2%2Fcomments&post=687"}],"version-history":[{"count":35,"href":"http:\/\/www.sylvie-beaufils.fr\/index.php?rest_route=\/wp\/v2\/pages\/687\/revisions"}],"predecessor-version":[{"id":1174,"href":"http:\/\/www.sylvie-beaufils.fr\/index.php?rest_route=\/wp\/v2\/pages\/687\/revisions\/1174"}],"wp:attachment":[{"href":"http:\/\/www.sylvie-beaufils.fr\/index.php?rest_route=%2Fwp%2Fv2%2Fmedia&parent=687"}],"curies":[{"name":"wp","href":"https:\/\/api.w.org\/{rel}","templated":true}]}}