{"id":662,"date":"2018-02-11T19:01:41","date_gmt":"2018-02-11T18:01:41","guid":{"rendered":"http:\/\/www.sylvie-beaufils.fr\/?page_id=662"},"modified":"2022-03-13T16:19:14","modified_gmt":"2022-03-13T15:19:14","slug":"test","status":"publish","type":"page","link":"http:\/\/www.sylvie-beaufils.fr\/?page_id=662","title":{"rendered":"Quartier de nuit"},"content":{"rendered":"<p>Ce sont des images qui surgissent de ma ville, de mon quartier, lors de promenades nocturnes ou de longs moments \u00e0 ma fen\u00eatre. Les phares des voitures, les fen\u00eatres allum\u00e9es sont autant d&rsquo;\u00e9chos de vies parall\u00e8les \u00e0 la mienne. Ces tableaux vivants me remplissent les yeux, je ne me lasse pas de les observer.<\/p>\n<table style=\"height: 302px;\" width=\"900\">\n<tbody>\n<tr>\n<td width=\"33%\">&nbsp;<a href=\"http:\/\/www.sylvie-beaufils.fr\/?page_id=681\"><img loading=\"lazy\" decoding=\"async\" class=\"aligncenter size-medium wp-image-247\" src=\"http:\/\/www.sylvie-beaufils.fr\/wp-content\/uploads\/2014\/07\/3-quartier-de-nuit-miniature-300x300.jpg\" alt=\"\" width=\"300\" height=\"300\" srcset=\"http:\/\/www.sylvie-beaufils.fr\/wp-content\/uploads\/2014\/07\/3-quartier-de-nuit-miniature-300x300.jpg 300w, http:\/\/www.sylvie-beaufils.fr\/wp-content\/uploads\/2014\/07\/3-quartier-de-nuit-miniature-150x150.jpg 150w, http:\/\/www.sylvie-beaufils.fr\/wp-content\/uploads\/2014\/07\/3-quartier-de-nuit-miniature.jpg 522w\" sizes=\"auto, (max-width: 300px) 100vw, 300px\" \/><\/a><\/td>\n<td width=\"33%\">&nbsp;<a href=\"http:\/\/www.sylvie-beaufils.fr\/?page_id=286\"><img loading=\"lazy\" decoding=\"async\" class=\"size-medium wp-image-1068 aligncenter\" src=\"http:\/\/www.sylvie-beaufils.fr\/wp-content\/uploads\/2022\/03\/vignette-quartier-de-nuit-dessins-2017-300x300.jpg\" alt=\"\" width=\"300\" height=\"300\" srcset=\"http:\/\/www.sylvie-beaufils.fr\/wp-content\/uploads\/2022\/03\/vignette-quartier-de-nuit-dessins-2017-300x300.jpg 300w, http:\/\/www.sylvie-beaufils.fr\/wp-content\/uploads\/2022\/03\/vignette-quartier-de-nuit-dessins-2017-150x150.jpg 150w, http:\/\/www.sylvie-beaufils.fr\/wp-content\/uploads\/2022\/03\/vignette-quartier-de-nuit-dessins-2017.jpg 389w\" sizes=\"auto, (max-width: 300px) 100vw, 300px\" \/><\/a><\/td>\n<td width=\"33%\">&nbsp;<a href=\"http:\/\/www.sylvie-beaufils.fr\/?page_id=234\"><img loading=\"lazy\" decoding=\"async\" class=\"aligncenter size-medium wp-image-248\" src=\"http:\/\/www.sylvie-beaufils.fr\/wp-content\/uploads\/2014\/07\/2-de-ma-fenetre-miniature-300x300.jpg\" alt=\"\" width=\"300\" height=\"300\" srcset=\"http:\/\/www.sylvie-beaufils.fr\/wp-content\/uploads\/2014\/07\/2-de-ma-fenetre-miniature-300x300.jpg 300w, http:\/\/www.sylvie-beaufils.fr\/wp-content\/uploads\/2014\/07\/2-de-ma-fenetre-miniature-150x150.jpg 150w, http:\/\/www.sylvie-beaufils.fr\/wp-content\/uploads\/2014\/07\/2-de-ma-fenetre-miniature.jpg 708w\" sizes=\"auto, (max-width: 300px) 100vw, 300px\" \/><\/a><\/td>\n<\/tr>\n<tr>\n<td style=\"text-align: center;\" width=\"33%\">Quartier de nuit<\/td>\n<td style=\"text-align: center;\" width=\"33%\">Quartier de nuit, dessins<\/td>\n<td style=\"text-align: center;\" width=\"33%\">De ma fen\u00eatre<\/td>\n<\/tr>\n<\/tbody>\n<\/table>\n","protected":false},"excerpt":{"rendered":"<p>Ce sont des images qui surgissent de ma ville, de mon quartier, lors de promenades nocturnes ou de longs moments \u00e0 ma fen\u00eatre. Les phares des voitures, les fen\u00eatres allum\u00e9es sont autant d&rsquo;\u00e9chos de vies parall\u00e8les \u00e0 la mienne. Ces tableaux vivants me remplissent les yeux, je ne me lasse pas de les observer. &nbsp; [&hellip;]<\/p>\n","protected":false},"author":1,"featured_media":0,"parent":0,"menu_order":0,"comment_status":"closed","ping_status":"closed","template":"templates\/page-full-width.php","meta":{"ngg_post_thumbnail":0,"footnotes":""},"class_list":["post-662","page","type-page","status-publish","hentry"],"_links":{"self":[{"href":"http:\/\/www.sylvie-beaufils.fr\/index.php?rest_route=\/wp\/v2\/pages\/662","targetHints":{"allow":["GET"]}}],"collection":[{"href":"http:\/\/www.sylvie-beaufils.fr\/index.php?rest_route=\/wp\/v2\/pages"}],"about":[{"href":"http:\/\/www.sylvie-beaufils.fr\/index.php?rest_route=\/wp\/v2\/types\/page"}],"author":[{"embeddable":true,"href":"http:\/\/www.sylvie-beaufils.fr\/index.php?rest_route=\/wp\/v2\/users\/1"}],"replies":[{"embeddable":true,"href":"http:\/\/www.sylvie-beaufils.fr\/index.php?rest_route=%2Fwp%2Fv2%2Fcomments&post=662"}],"version-history":[{"count":30,"href":"http:\/\/www.sylvie-beaufils.fr\/index.php?rest_route=\/wp\/v2\/pages\/662\/revisions"}],"predecessor-version":[{"id":1090,"href":"http:\/\/www.sylvie-beaufils.fr\/index.php?rest_route=\/wp\/v2\/pages\/662\/revisions\/1090"}],"wp:attachment":[{"href":"http:\/\/www.sylvie-beaufils.fr\/index.php?rest_route=%2Fwp%2Fv2%2Fmedia&parent=662"}],"curies":[{"name":"wp","href":"https:\/\/api.w.org\/{rel}","templated":true}]}}