{"id":450,"date":"2017-02-19T21:42:22","date_gmt":"2017-02-19T20:42:22","guid":{"rendered":"http:\/\/www.sylvie-beaufils.fr\/?page_id=450"},"modified":"2018-02-11T19:08:27","modified_gmt":"2018-02-11T18:08:27","slug":"450-2","status":"publish","type":"page","link":"http:\/\/www.sylvie-beaufils.fr\/?page_id=450","title":{"rendered":"M\u00e9lodie en sous-sol"},"content":{"rendered":"<p>Tout commence par une impression plastique forte: deux plaques d&rsquo;acier rouge, un cadre m\u00e9tallique vert, des chiffres, des logos, une atmosph\u00e8re bleue, une lumi\u00e8re crue en arri\u00e8re plan, en haut, des reflets, une charpente, puis une sorte d&rsquo;urgence \u00e0 les restituer sur la toile. Vient ensuite le travail de composition: d\u00e9placer un \u00e9l\u00e9ment, en aligner d&rsquo;autres, changer, pousser une couleur, des contrastes, ajouter des lumi\u00e8res, jusqu&rsquo;\u00e0 ce que quelque chose de l&rsquo;impression initiale apparaisse. Parfois, il appara\u00eet autre chose, et c&rsquo;est une heureuse surprise.<\/p>\n<table style=\"height: 302px;\" width=\"900\">\n<tbody>\n<tr>\n<td width=\"33%\"><a title=\"m\u00e9lodie en sous-sol\" href=\"http:\/\/www.sylvie-beaufils.fr\/?page_id=384\"><img loading=\"lazy\" decoding=\"async\" class=\"aligncenter wp-image-437\" src=\"http:\/\/www.sylvie-beaufils.fr\/wp-content\/uploads\/2014\/04\/me\u0301lodie-en-sous-sol-I-298x300.jpg\" alt=\"me\u0301lodie-en-sous-sol-I\" width=\"300\" height=\"302\"><\/a><\/td>\n<td width=\"33%\"><a title=\"Coins d'atelier\" href=\"http:\/\/www.sylvie-beaufils.fr\/?page_id=503\"><img loading=\"lazy\" decoding=\"async\" class=\"aligncenter wp-image-586\" src=\"http:\/\/www.sylvie-beaufils.fr\/wp-content\/uploads\/2017\/02\/1-Coin-d-atelier-III-300x300.jpg\" alt=\"1-Coin-d-atelier-III\" width=\"300\" height=\"299\" srcset=\"http:\/\/www.sylvie-beaufils.fr\/wp-content\/uploads\/2017\/02\/1-Coin-d-atelier-III-300x300.jpg 300w, http:\/\/www.sylvie-beaufils.fr\/wp-content\/uploads\/2017\/02\/1-Coin-d-atelier-III-150x150.jpg 150w, http:\/\/www.sylvie-beaufils.fr\/wp-content\/uploads\/2017\/02\/1-Coin-d-atelier-III.jpg 563w\" sizes=\"auto, (max-width: 300px) 100vw, 300px\" \/><\/a><\/td>\n<td width=\"33%\"><a title=\"Jungle urbaine\" href=\"http:\/\/www.sylvie-beaufils.fr\/?page_id=579\"><img loading=\"lazy\" decoding=\"async\" class=\"aligncenter wp-image-585\" src=\"http:\/\/www.sylvie-beaufils.fr\/wp-content\/uploads\/2017\/02\/4-jungle-urbaine-IV-300x298.jpg\" alt=\"4-jungle-urbaine-IV\" width=\"300\" height=\"298\" srcset=\"http:\/\/www.sylvie-beaufils.fr\/wp-content\/uploads\/2017\/02\/4-jungle-urbaine-IV-300x298.jpg 300w, http:\/\/www.sylvie-beaufils.fr\/wp-content\/uploads\/2017\/02\/4-jungle-urbaine-IV-150x150.jpg 150w, http:\/\/www.sylvie-beaufils.fr\/wp-content\/uploads\/2017\/02\/4-jungle-urbaine-IV.jpg 732w\" sizes=\"auto, (max-width: 300px) 100vw, 300px\" \/><\/a><\/td>\n<\/tr>\n<tr>\n<td style=\"text-align: center;\" width=\"33%\">M\u00e9lodie en sous-sol<\/td>\n<td style=\"text-align: center;\" width=\"33%\">Coins d&rsquo;atelier<\/td>\n<td style=\"text-align: center;\" width=\"33%\">Jungle urbaine<\/td>\n<\/tr>\n<\/tbody>\n<\/table>\n","protected":false},"excerpt":{"rendered":"<p>Tout commence par une impression plastique forte: deux plaques d&rsquo;acier rouge, un cadre m\u00e9tallique vert, des chiffres, des logos, une atmosph\u00e8re bleue, une lumi\u00e8re crue en arri\u00e8re plan, en haut, des reflets, une charpente, puis une sorte d&rsquo;urgence \u00e0 les restituer sur la toile. Vient ensuite le travail de composition: d\u00e9placer un \u00e9l\u00e9ment, en aligner [&hellip;]<\/p>\n","protected":false},"author":1,"featured_media":0,"parent":0,"menu_order":4,"comment_status":"closed","ping_status":"closed","template":"templates\/page-full-width.php","meta":{"ngg_post_thumbnail":0,"footnotes":""},"class_list":["post-450","page","type-page","status-publish","hentry"],"_links":{"self":[{"href":"http:\/\/www.sylvie-beaufils.fr\/index.php?rest_route=\/wp\/v2\/pages\/450","targetHints":{"allow":["GET"]}}],"collection":[{"href":"http:\/\/www.sylvie-beaufils.fr\/index.php?rest_route=\/wp\/v2\/pages"}],"about":[{"href":"http:\/\/www.sylvie-beaufils.fr\/index.php?rest_route=\/wp\/v2\/types\/page"}],"author":[{"embeddable":true,"href":"http:\/\/www.sylvie-beaufils.fr\/index.php?rest_route=\/wp\/v2\/users\/1"}],"replies":[{"embeddable":true,"href":"http:\/\/www.sylvie-beaufils.fr\/index.php?rest_route=%2Fwp%2Fv2%2Fcomments&post=450"}],"version-history":[{"count":43,"href":"http:\/\/www.sylvie-beaufils.fr\/index.php?rest_route=\/wp\/v2\/pages\/450\/revisions"}],"predecessor-version":[{"id":667,"href":"http:\/\/www.sylvie-beaufils.fr\/index.php?rest_route=\/wp\/v2\/pages\/450\/revisions\/667"}],"wp:attachment":[{"href":"http:\/\/www.sylvie-beaufils.fr\/index.php?rest_route=%2Fwp%2Fv2%2Fmedia&parent=450"}],"curies":[{"name":"wp","href":"https:\/\/api.w.org\/{rel}","templated":true}]}}