{"id":245,"date":"2014-07-15T00:31:27","date_gmt":"2014-07-14T23:31:27","guid":{"rendered":"http:\/\/www.sylvie-beaufils.fr\/?page_id=245"},"modified":"2022-03-13T16:16:13","modified_gmt":"2022-03-13T15:16:13","slug":"parcours","status":"publish","type":"page","link":"http:\/\/www.sylvie-beaufils.fr\/?page_id=245","title":{"rendered":"Parcours"},"content":{"rendered":"<p><img loading=\"lazy\" decoding=\"async\" class=\"aligncenter size-large wp-image-1087\" src=\"http:\/\/www.sylvie-beaufils.fr\/wp-content\/uploads\/2022\/03\/image-page-parcours-1024x392.jpg\" alt=\"\" width=\"640\" height=\"245\" srcset=\"http:\/\/www.sylvie-beaufils.fr\/wp-content\/uploads\/2022\/03\/image-page-parcours-1024x392.jpg 1024w, http:\/\/www.sylvie-beaufils.fr\/wp-content\/uploads\/2022\/03\/image-page-parcours-300x115.jpg 300w, http:\/\/www.sylvie-beaufils.fr\/wp-content\/uploads\/2022\/03\/image-page-parcours-768x294.jpg 768w, http:\/\/www.sylvie-beaufils.fr\/wp-content\/uploads\/2022\/03\/image-page-parcours.jpg 1103w\" sizes=\"auto, (max-width: 640px) 100vw, 640px\" \/><\/p>\n<p style=\"text-align: justify;\">Mon apprentissage s\u2019est fait avec Anne et Philippe, \u00e0 l\u2019atelier si f\u00e9cond du <a href=\"http:\/\/festivalille.wixsite.com\/festivaldelille\" target=\"_blank\" rel=\"noopener\">Festival de l\u2019Ille \u00e0 Betton<\/a>. A l&rsquo;atelier, nous pratiquons de multiples approches en art plastique, nous y apprenons \u00e0 r\u00e9fl\u00e9chir sur notre travail et enfin, nous \u00e9changeons beaucoup avec les autres participants.<br \/>\nJe suis profond\u00e9ment reconnaissante \u00e0 Anne et Philippe de consid\u00e9rer avec autant de s\u00e9rieux et d\u2019attention nos d\u00e9sirs de peintres amateurs, au sens le plus fort de&nbsp; \u00ab&nbsp;ceux qui aiment&nbsp;\u00bb.<\/p>\n<p><em>&nbsp;<\/em><\/p>\n<p>&nbsp;<\/p>\n","protected":false},"excerpt":{"rendered":"<p>Mon apprentissage s\u2019est fait avec Anne et Philippe, \u00e0 l\u2019atelier si f\u00e9cond du Festival de l\u2019Ille \u00e0 Betton. A l&rsquo;atelier, nous pratiquons de multiples approches en art plastique, nous y apprenons \u00e0 r\u00e9fl\u00e9chir sur notre travail et enfin, nous \u00e9changeons beaucoup avec les autres participants. Je suis profond\u00e9ment reconnaissante \u00e0 Anne et Philippe de consid\u00e9rer [&hellip;]<\/p>\n","protected":false},"author":1,"featured_media":0,"parent":0,"menu_order":7,"comment_status":"closed","ping_status":"closed","template":"templates\/page-full-width.php","meta":{"ngg_post_thumbnail":0,"footnotes":""},"class_list":["post-245","page","type-page","status-publish","hentry"],"_links":{"self":[{"href":"http:\/\/www.sylvie-beaufils.fr\/index.php?rest_route=\/wp\/v2\/pages\/245","targetHints":{"allow":["GET"]}}],"collection":[{"href":"http:\/\/www.sylvie-beaufils.fr\/index.php?rest_route=\/wp\/v2\/pages"}],"about":[{"href":"http:\/\/www.sylvie-beaufils.fr\/index.php?rest_route=\/wp\/v2\/types\/page"}],"author":[{"embeddable":true,"href":"http:\/\/www.sylvie-beaufils.fr\/index.php?rest_route=\/wp\/v2\/users\/1"}],"replies":[{"embeddable":true,"href":"http:\/\/www.sylvie-beaufils.fr\/index.php?rest_route=%2Fwp%2Fv2%2Fcomments&post=245"}],"version-history":[{"count":16,"href":"http:\/\/www.sylvie-beaufils.fr\/index.php?rest_route=\/wp\/v2\/pages\/245\/revisions"}],"predecessor-version":[{"id":1089,"href":"http:\/\/www.sylvie-beaufils.fr\/index.php?rest_route=\/wp\/v2\/pages\/245\/revisions\/1089"}],"wp:attachment":[{"href":"http:\/\/www.sylvie-beaufils.fr\/index.php?rest_route=%2Fwp%2Fv2%2Fmedia&parent=245"}],"curies":[{"name":"wp","href":"https:\/\/api.w.org\/{rel}","templated":true}]}}