{"id":243,"date":"2014-07-15T00:31:14","date_gmt":"2014-07-14T23:31:14","guid":{"rendered":"http:\/\/www.sylvie-beaufils.fr\/?page_id=243"},"modified":"2023-07-04T13:09:27","modified_gmt":"2023-07-04T12:09:27","slug":"expositions","status":"publish","type":"page","link":"http:\/\/www.sylvie-beaufils.fr\/?page_id=243","title":{"rendered":"Expositions-ancienne page"},"content":{"rendered":"<table style=\"height: 482px;\" width=\"460\">\n<tbody>\n<tr>\n<td width=\"33%\"><a title=\"m\u00e9lodie en sous-sol\" href=\"http:\/\/www.sylvie-beaufils.fr\/?page_id=450\"><img loading=\"lazy\" decoding=\"async\" class=\"aligncenter size-medium wp-image-423\" src=\"http:\/\/www.sylvie-beaufils.fr\/wp-content\/uploads\/2014\/07\/affiche-expo-2017-206x300.jpg\" alt=\"affiche-expo-2017\" width=\"206\" height=\"300\" srcset=\"http:\/\/www.sylvie-beaufils.fr\/wp-content\/uploads\/2014\/07\/affiche-expo-2017-206x300.jpg 206w, http:\/\/www.sylvie-beaufils.fr\/wp-content\/uploads\/2014\/07\/affiche-expo-2017.jpg 446w\" sizes=\"auto, (max-width: 206px) 100vw, 206px\" \/><\/a><\/td>\n<td><a href=\"http:\/\/www.sylvie-beaufils.fr\/wp-content\/uploads\/2014\/07\/affiche-expo-Orane.jpg\"><img loading=\"lazy\" decoding=\"async\" class=\"aligncenter size-medium wp-image-394\" src=\"http:\/\/www.sylvie-beaufils.fr\/wp-content\/uploads\/2014\/07\/affiche-expo-Orane-208x300.jpg\" alt=\"affiche-expo-Orane\" width=\"208\" height=\"300\" srcset=\"http:\/\/www.sylvie-beaufils.fr\/wp-content\/uploads\/2014\/07\/affiche-expo-Orane-208x300.jpg 208w, http:\/\/www.sylvie-beaufils.fr\/wp-content\/uploads\/2014\/07\/affiche-expo-Orane-709x1024.jpg 709w, http:\/\/www.sylvie-beaufils.fr\/wp-content\/uploads\/2014\/07\/affiche-expo-Orane.jpg 720w\" sizes=\"auto, (max-width: 208px) 100vw, 208px\" \/><\/a><\/td>\n<td width=\"33%\"><a href=\"http:\/\/www.sylvie-beaufils.fr\/wp-content\/uploads\/2014\/08\/affiche-expo-avril-2014.jpg\"><img loading=\"lazy\" decoding=\"async\" class=\"aligncenter size-medium wp-image-332\" src=\"http:\/\/www.sylvie-beaufils.fr\/wp-content\/uploads\/2014\/08\/affiche-expo-avril-2014-207x300.jpg\" alt=\"affiche-expo-avril-2014\" width=\"207\" height=\"300\" srcset=\"http:\/\/www.sylvie-beaufils.fr\/wp-content\/uploads\/2014\/08\/affiche-expo-avril-2014-207x300.jpg 207w, http:\/\/www.sylvie-beaufils.fr\/wp-content\/uploads\/2014\/08\/affiche-expo-avril-2014-708x1024.jpg 708w, http:\/\/www.sylvie-beaufils.fr\/wp-content\/uploads\/2014\/08\/affiche-expo-avril-2014.jpg 720w\" sizes=\"auto, (max-width: 207px) 100vw, 207px\" \/><\/a><\/td>\n<\/tr>\n<tr>\n<td>Mars, Avril 2017 exposition personnelle salle Jean Zay, \u00e0 Chevaign\u00e9 (35) avec <a href=\"https:\/\/jacques-renault.fr\/\" target=\"_blank\" rel=\"noopener\">Jacques Renault<\/a> (gouaches), St\u00e9phane Goarnisson (sculptures) et Mathilde Delafoy (sculptures)<\/td>\n<td>Mars-Avril 2015, exposition personnelle<br \/>\nORANE OPTIQUE<\/td>\n<td>Avril 2014, exposition personnelle salle Jean Zay,<br \/>\n\u00e0 Chevaign\u00e9 (35) avec Jacques Renault (gouaches)<br \/>\net St\u00e9phane Goarnisson (sculptures)<\/td>\n<\/tr>\n<\/tbody>\n<\/table>\n<p>&nbsp;<\/p>\n<p>&nbsp;<\/p>\n<p>&nbsp;<\/p>\n<p><span style=\"border-radius: 2px; text-indent: 20px; width: auto; padding: 0px 4px 0px 0px; text-align: center; font: bold 11px\/20px 'Helvetica Neue',Helvetica,sans-serif; color: #ffffff; background: #bd081c no-repeat scroll 3px 50% \/ 14px 14px; position: absolute; opacity: 1; z-index: 8675309; display: none; cursor: pointer; top: 25px; left: 105px;\">Enregistrer<\/span><\/p>\n<p><span style=\"border-radius: 2px; text-indent: 20px; width: auto; padding: 0px 4px 0px 0px; text-align: center; font: bold 11px\/20px 'Helvetica Neue',Helvetica,sans-serif; color: #ffffff; background: #bd081c no-repeat scroll 3px 50% \/ 14px 14px; position: absolute; opacity: 1; z-index: 8675309; display: none; cursor: pointer; top: 25px; left: 33px;\">Enregistrer<\/span><\/p>\n<p><span style=\"border-radius: 2px; text-indent: 20px; width: auto; padding: 0px 4px 0px 0px; text-align: center; font: bold 11px\/20px 'Helvetica Neue',Helvetica,sans-serif; color: #ffffff; background: #bd081c no-repeat scroll 3px 50% \/ 14px 14px; position: absolute; opacity: 1; z-index: 8675309; display: none; cursor: pointer; top: 25px; left: 471px;\">Enregistrer<\/span><\/p>\n<p><span style=\"border-radius: 2px; text-indent: 20px; width: auto; padding: 0px 4px 0px 0px; text-align: center; font: bold 11px\/20px 'Helvetica Neue',Helvetica,sans-serif; color: #ffffff; background: #bd081c no-repeat scroll 3px 50% \/ 14px 14px; position: absolute; opacity: 1; z-index: 8675309; display: none; cursor: pointer; top: 25px; left: 471px;\">Enregistrer<\/span><\/p>\n<p><span style=\"border-radius: 2px; text-indent: 20px; width: auto; padding: 0px 4px 0px 0px; text-align: center; font: bold 11px\/20px 'Helvetica Neue',Helvetica,sans-serif; color: #ffffff; background: #bd081c no-repeat scroll 3px 50% \/ 14px 14px; position: absolute; opacity: 1; z-index: 8675309; display: none; cursor: pointer;\">Enregistrer<\/span><\/p>\n","protected":false},"excerpt":{"rendered":"<p>Mars, Avril 2017 exposition personnelle salle Jean Zay, \u00e0 Chevaign\u00e9 (35) avec Jacques Renault (gouaches), St\u00e9phane Goarnisson (sculptures) et Mathilde Delafoy (sculptures) Mars-Avril 2015, exposition personnelle ORANE OPTIQUE Avril 2014, exposition personnelle salle Jean Zay, \u00e0 Chevaign\u00e9 (35) avec Jacques Renault (gouaches) et St\u00e9phane Goarnisson (sculptures) &nbsp; &nbsp; &nbsp; Enregistrer Enregistrer Enregistrer Enregistrer Enregistrer<\/p>\n","protected":false},"author":1,"featured_media":0,"parent":0,"menu_order":6,"comment_status":"closed","ping_status":"closed","template":"templates\/page-full-width.php","meta":{"ngg_post_thumbnail":0,"footnotes":""},"class_list":["post-243","page","type-page","status-publish","hentry"],"_links":{"self":[{"href":"http:\/\/www.sylvie-beaufils.fr\/index.php?rest_route=\/wp\/v2\/pages\/243","targetHints":{"allow":["GET"]}}],"collection":[{"href":"http:\/\/www.sylvie-beaufils.fr\/index.php?rest_route=\/wp\/v2\/pages"}],"about":[{"href":"http:\/\/www.sylvie-beaufils.fr\/index.php?rest_route=\/wp\/v2\/types\/page"}],"author":[{"embeddable":true,"href":"http:\/\/www.sylvie-beaufils.fr\/index.php?rest_route=\/wp\/v2\/users\/1"}],"replies":[{"embeddable":true,"href":"http:\/\/www.sylvie-beaufils.fr\/index.php?rest_route=%2Fwp%2Fv2%2Fcomments&post=243"}],"version-history":[{"count":22,"href":"http:\/\/www.sylvie-beaufils.fr\/index.php?rest_route=\/wp\/v2\/pages\/243\/revisions"}],"predecessor-version":[{"id":1183,"href":"http:\/\/www.sylvie-beaufils.fr\/index.php?rest_route=\/wp\/v2\/pages\/243\/revisions\/1183"}],"wp:attachment":[{"href":"http:\/\/www.sylvie-beaufils.fr\/index.php?rest_route=%2Fwp%2Fv2%2Fmedia&parent=243"}],"curies":[{"name":"wp","href":"https:\/\/api.w.org\/{rel}","templated":true}]}}