{"id":1162,"date":"2023-07-04T10:45:19","date_gmt":"2023-07-04T09:45:19","guid":{"rendered":"http:\/\/www.sylvie-beaufils.fr\/?page_id=1162"},"modified":"2023-07-04T12:48:18","modified_gmt":"2023-07-04T11:48:18","slug":"neige-galerie","status":"publish","type":"page","link":"http:\/\/www.sylvie-beaufils.fr\/?page_id=1162","title":{"rendered":"Neige"},"content":{"rendered":"<p>Le froid et le gel inversent la lumi\u00e8re, qui vient du sol. S&rsquo;y ajoutent des sensations tactiles et auditives : c&rsquo;est froid, \u00e7a crisse, \u00e7a s&rsquo;enfonce.<br \/>\nL&rsquo;ensemble fait \u00e9cho aux souvenirs d&rsquo;enfance et aux contes.<\/p>\nngg_shortcode_0_placeholder\n<p>Gouache sur carton<\/p>\n\n\n\n<p><\/p>\n","protected":false},"excerpt":{"rendered":"","protected":false},"author":1,"featured_media":0,"parent":0,"menu_order":0,"comment_status":"closed","ping_status":"closed","template":"templates\/page-full-width.php","meta":{"ngg_post_thumbnail":0,"footnotes":""},"class_list":["post-1162","page","type-page","status-publish","hentry"],"_links":{"self":[{"href":"http:\/\/www.sylvie-beaufils.fr\/index.php?rest_route=\/wp\/v2\/pages\/1162","targetHints":{"allow":["GET"]}}],"collection":[{"href":"http:\/\/www.sylvie-beaufils.fr\/index.php?rest_route=\/wp\/v2\/pages"}],"about":[{"href":"http:\/\/www.sylvie-beaufils.fr\/index.php?rest_route=\/wp\/v2\/types\/page"}],"author":[{"embeddable":true,"href":"http:\/\/www.sylvie-beaufils.fr\/index.php?rest_route=\/wp\/v2\/users\/1"}],"replies":[{"embeddable":true,"href":"http:\/\/www.sylvie-beaufils.fr\/index.php?rest_route=%2Fwp%2Fv2%2Fcomments&post=1162"}],"version-history":[{"count":4,"href":"http:\/\/www.sylvie-beaufils.fr\/index.php?rest_route=\/wp\/v2\/pages\/1162\/revisions"}],"predecessor-version":[{"id":1199,"href":"http:\/\/www.sylvie-beaufils.fr\/index.php?rest_route=\/wp\/v2\/pages\/1162\/revisions\/1199"}],"wp:attachment":[{"href":"http:\/\/www.sylvie-beaufils.fr\/index.php?rest_route=%2Fwp%2Fv2%2Fmedia&parent=1162"}],"curies":[{"name":"wp","href":"https:\/\/api.w.org\/{rel}","templated":true}]}}